{"id":315437,"date":"2026-03-13T14:19:37","date_gmt":"2026-03-13T21:19:37","guid":{"rendered":"https:\/\/www.dmv.ca.gov\/portal\/?page_id=315437"},"modified":"2026-03-13T14:19:38","modified_gmt":"2026-03-13T21:19:38","slug":"fresno-commercial-drive-test-center-to-close-temporarily","status":"publish","type":"page","link":"https:\/\/www.dmv.ca.gov\/portal\/es\/news-and-media\/fresno-commercial-drive-test-center-to-close-temporarily\/","title":{"rendered":"Fresno Commercial Drive Test Center to Close Temporarily"},"content":{"rendered":"<p class=\"has-text-align-left\">Contact: \u00a0Office of Public Affairs<br>2415 First Avenue<br>Sacramento, CA 95818<br>(916) 657\u20136437 |\u00a0<a href=\"mailto:dmvpublicaffairs@dmv.ca.gov\">dmvpublicaffairs@dmv.ca.gov<\/a><\/p>\n\n\n\n<p><strong>PARA PUBLICACI\u00d3N INMEDIATA<br>March 13, 2026<\/strong><\/p>\n\n\n\n<p><strong>Lo que necesita saber: <\/strong>The Fresno Commercial Drive Test Center (CDTC) will close temporarily for renovations on March 20 at 4 p.m. However, most customers who are not applying for a commercial driver\u2019s license (CDL) do not have to visit an office and can do their DMV business online at <a href=\"\/portal\/es\/portal\/\"><a href=\"https:\/\/www.dmv.ca.gov\/portal\/es\/\">dmv.ca.gov<\/a><\/a>.<\/p>\n\n\n\n<hr class=\"wp-block-separator has-alpha-channel-opacity\"\/>\n\n\n\n<p><strong>Sacramento&nbsp;<\/strong>\u2014 The California Department of Motor Vehicles (DMV) today announced that the Fresno CDTC at 735 E. North Ave. will close temporarily for renovations beginning at 4 p.m. on Friday, March 20. Renovations include reconfiguration of the office interior to improve efficiency and carpet replacement in work areas. The office is scheduled to reopen at 7 a.m. on Monday, April 13.<\/p>\n\n\n\n<p>Until the renovations are complete, customers can visit the following area offices to complete the requirements for a commercial learner\u2019s permit (CLP), which is the first step towards obtaining a CDL:<\/p>\n\n\n\n<ul class=\"wp-block-list\">\n<li>Fresno: 655 W. Olive Ave. (7 miles from the Fresno CDTC)<\/li>\n\n\n\n<li>Fresno North: 6420 N. Blackstone Ave. (12 miles from the Fresno CDTC)<\/li>\n\n\n\n<li>Clovis: 2103 Shaw Ave. (15 miles from the Fresno CDTC)<\/li>\n\n\n\n<li>Reedley: 1890 E. Dinuba Ave. (23 miles from the Fresno CDTC)<\/li>\n<\/ul>\n\n\n\n<div class=\"wp-block-dmv-spacer-block spacer-box\"><\/div>\n\n\n\n<p>It is important to note that the offices above do not conduct CDL skills (drive) tests, which are only given at select DMV offices and by appointment only. The nearest offices that conduct CDL skills tests are:<\/p>\n\n\n\n<ul class=\"wp-block-list\">\n<li>Modesto: 124 Burney St. (97 miles from the Fresno CDTC)<\/li>\n\n\n\n<li>Bakersfield: 3120 F St. (105 miles from the Fresno CDTC)<\/li>\n<\/ul>\n\n\n\n<p>More information about CDL application requirements can be found on the <a href=\"\/portal\/es\/driver-licenses-identification-cards\/commercial-driver-licenses-cdl\/\"><a href=\"https:\/\/www.dmv.ca.gov\/portal\/es\/dmv-online\/\"> sitio web del DMV<\/a><\/a>.<\/p>\n\n\n\n<p><strong>Antes de ir a una oficina- Primero intente en l\u00ednea<\/strong><\/p>\n\n\n\n<p>La mayor\u00eda de los tr\u00e1mites del DMV no requieren visitar una oficina. El DMV anima a los clientes a utilizar los&nbsp;<a href=\"https:\/\/www.dmv.ca.gov\/portal\/es\/dmv-online\/\"><a href=\"https:\/\/www.dmv.ca.gov\/portal\/es\/dmv-online\/\">servicios en l\u00ednea<\/a><\/a>&nbsp;y otros medios de servicio para completar transacciones, como pueden ser renovaciones elegibles de licencias de manejo y registro de veh\u00edculos. Los clientes tambi\u00e9n pueden usar el&nbsp;<a href=\"\/portal\/es\/?s=\"><a href=\"https:\/\/www.dmv.ca.gov\/portal\/es\/?s=\">Asesor de Servicios<\/a><\/a>&nbsp;en el sitio web del DMV para conocer sus opciones y completar tr\u00e1mites del DMV.<\/p>\n\n\n\n<p>Elige lo digital \u2014 Para recibir notificaciones el\u00e9ctronicas sobre renovaciones de registro de veh\u00edculos y licencias de manejo, acceda o crea una cuenta segura en l\u00ednea en&nbsp;<a href=\"https:\/\/www.dmv.ca.gov\/portal\/es\/\"><a href=\"https:\/\/www.dmv.ca.gov\/portal\/es\/\">dmv.ca.gov<\/a><\/a> y suscr\u00edbase.<\/p>\n\n\n\n<p class=\"has-text-align-center\">###<\/p>\n\n\n\n<p class=\"has-text-align-center translation-block\">Sign up to receive the latest DMV News Alerts:&nbsp;<a href=\"https:\/\/www.dmv.ca.gov\/portal\/es\/dmv-news-alerts\/\" target=\"_blank\" rel=\"noreferrer noopener\">DMV NEWS ALERTS \u2013 California DMV<\/a><\/p>","protected":false},"excerpt":{"rendered":"<p>FOR IMMEDIATE RELEASEMarch 13, 2026 What you need to know: The Fresno Commercial Drive Test Center (CDTC) will close temporarily for renovations on March 20 at 4 p.m. However, most customers who are not applying for a commercial driver\u2019s license (CDL) do not have to visit an office and can do their DMV business online [&hellip;]<\/p>\n","protected":false},"author":2527,"featured_media":0,"parent":1542,"menu_order":0,"comment_status":"closed","ping_status":"closed","template":"","meta":{"ep_exclude_from_search":false,"dmv_page_popups":[],"dmv_ribbon_color":"","dmv_top_illustration":"","dmv_page_title":"","dmv_page_subtitle":"","dmv_exclude_from_search_results":false,"dmv_allowed_editors":[],"dmv_display_translate_button":false,"footnotes":""},"categories":[],"tags":[],"dmv_task":[10,86],"dmv_functional_page_type":[3],"dmv_content_type":[],"class_list":["post-315437","page","type-page","status-publish","hentry","dmv_task-licensing","dmv_task-location","dmv_functional_page_type-press-release"],"featured_image_src":null,"yoast_head":"<!-- This site is optimized with the Yoast SEO plugin v27.3 - https:\/\/yoast.com\/product\/yoast-seo-wordpress\/ -->\n<title>Fresno Commercial Drive Test Center to Close Temporarily - California DMV<\/title>\n<meta name=\"robots\" content=\"index, follow, max-snippet:-1, max-image-preview:large, max-video-preview:-1\" \/>\n<link rel=\"canonical\" href=\"https:\/\/www.dmv.ca.gov\/portal\/es\/news-and-media\/fresno-commercial-drive-test-center-to-close-temporarily\/\" \/>\n<meta property=\"og:locale\" content=\"es_MX\" \/>\n<meta property=\"og:type\" content=\"article\" \/>\n<meta property=\"og:title\" content=\"Fresno Commercial Drive Test Center to Close Temporarily - California DMV\" \/>\n<meta property=\"og:description\" content=\"FOR IMMEDIATE RELEASEMarch 13, 2026 What you need to know: The Fresno Commercial Drive Test Center (CDTC) will close temporarily for renovations on March 20 at 4 p.m. However, most customers who are not applying for a commercial driver\u2019s license (CDL) do not have to visit an office and can do their DMV business online [&hellip;]\" \/>\n<meta property=\"og:url\" content=\"https:\/\/www.dmv.ca.gov\/portal\/es\/news-and-media\/fresno-commercial-drive-test-center-to-close-temporarily\/\" \/>\n<meta property=\"og:site_name\" content=\"California DMV\" \/>\n<meta property=\"article:publisher\" content=\"https:\/\/www.facebook.com\/CADMV\" \/>\n<meta property=\"article:modified_time\" content=\"2026-03-13T21:19:38+00:00\" \/>\n<meta property=\"og:image\" content=\"https:\/\/www.dmv.ca.gov\/portal\/uploads\/2022\/06\/DMV_Logo.png\" \/>\n\t<meta property=\"og:image:width\" content=\"1920\" \/>\n\t<meta property=\"og:image:height\" content=\"1080\" \/>\n\t<meta property=\"og:image:type\" content=\"image\/png\" \/>\n<meta name=\"twitter:card\" content=\"summary_large_image\" \/>\n<meta name=\"twitter:site\" content=\"@ca_dmv\" \/>\n<meta name=\"twitter:label1\" content=\"Est. reading time\" \/>\n\t<meta name=\"twitter:data1\" content=\"2 minutes\" \/>\n<script type=\"application\/ld+json\" class=\"yoast-schema-graph\">{\"@context\":\"https:\\\/\\\/schema.org\",\"@graph\":[{\"@type\":\"WebPage\",\"@id\":\"https:\\\/\\\/www.dmv.ca.gov\\\/portal\\\/es\\\/news-and-media\\\/fresno-commercial-drive-test-center-to-close-temporarily\\\/\",\"url\":\"https:\\\/\\\/www.dmv.ca.gov\\\/portal\\\/es\\\/news-and-media\\\/fresno-commercial-drive-test-center-to-close-temporarily\\\/\",\"name\":\"Fresno Commercial Drive Test Center to Close Temporarily - California DMV\",\"isPartOf\":{\"@id\":\"https:\\\/\\\/www.dmv.ca.gov\\\/portal\\\/#website\"},\"datePublished\":\"2026-03-13T21:19:37+00:00\",\"dateModified\":\"2026-03-13T21:19:38+00:00\",\"inLanguage\":\"es-MX\",\"potentialAction\":[{\"@type\":\"ReadAction\",\"target\":[\"https:\\\/\\\/www.dmv.ca.gov\\\/portal\\\/es\\\/news-and-media\\\/fresno-commercial-drive-test-center-to-close-temporarily\\\/\"]}]},{\"@type\":\"WebSite\",\"@id\":\"https:\\\/\\\/www.dmv.ca.gov\\\/portal\\\/#website\",\"url\":\"https:\\\/\\\/www.dmv.ca.gov\\\/portal\\\/\",\"name\":\"California DMV\",\"description\":\"\",\"publisher\":{\"@id\":\"https:\\\/\\\/www.dmv.ca.gov\\\/portal\\\/#organization\"},\"potentialAction\":[{\"@type\":\"SearchAction\",\"target\":{\"@type\":\"EntryPoint\",\"urlTemplate\":\"https:\\\/\\\/www.dmv.ca.gov\\\/portal\\\/?s={search_term_string}\"},\"query-input\":{\"@type\":\"PropertyValueSpecification\",\"valueRequired\":true,\"valueName\":\"search_term_string\"}}],\"inLanguage\":\"es-MX\"},{\"@type\":\"Organization\",\"@id\":\"https:\\\/\\\/www.dmv.ca.gov\\\/portal\\\/#organization\",\"name\":\"State of California Department of Motor Vehicles\",\"url\":\"https:\\\/\\\/www.dmv.ca.gov\\\/portal\\\/\",\"logo\":{\"@type\":\"ImageObject\",\"inLanguage\":\"es-MX\",\"@id\":\"https:\\\/\\\/www.dmv.ca.gov\\\/portal\\\/#\\\/schema\\\/logo\\\/image\\\/\",\"url\":\"https:\\\/\\\/www.dmv.ca.gov\\\/portal\\\/uploads\\\/2022\\\/06\\\/DMV_Logo.png\",\"contentUrl\":\"https:\\\/\\\/www.dmv.ca.gov\\\/portal\\\/uploads\\\/2022\\\/06\\\/DMV_Logo.png\",\"width\":1920,\"height\":1080,\"caption\":\"State of California Department of Motor Vehicles\"},\"image\":{\"@id\":\"https:\\\/\\\/www.dmv.ca.gov\\\/portal\\\/#\\\/schema\\\/logo\\\/image\\\/\"},\"sameAs\":[\"https:\\\/\\\/www.facebook.com\\\/CADMV\",\"https:\\\/\\\/x.com\\\/ca_dmv\",\"https:\\\/\\\/www.instagram.com\\\/ca_dmv\\\/\",\"https:\\\/\\\/www.linkedin.com\\\/company\\\/ca-department-of-motor-vehicles\\\/\",\"https:\\\/\\\/www.youtube.com\\\/user\\\/CaliforniaDMV\"]}]}<\/script>\n<!-- \/ Yoast SEO plugin. -->","yoast_head_json":{"title":"Fresno Commercial Drive Test Center to Close Temporarily - California DMV","robots":{"index":"index","follow":"follow","max-snippet":"max-snippet:-1","max-image-preview":"max-image-preview:large","max-video-preview":"max-video-preview:-1"},"canonical":"https:\/\/www.dmv.ca.gov\/portal\/es\/news-and-media\/fresno-commercial-drive-test-center-to-close-temporarily\/","og_locale":"es_MX","og_type":"article","og_title":"Fresno Commercial Drive Test Center to Close Temporarily - California DMV","og_description":"FOR IMMEDIATE RELEASEMarch 13, 2026 What you need to know: The Fresno Commercial Drive Test Center (CDTC) will close temporarily for renovations on March 20 at 4 p.m. However, most customers who are not applying for a commercial driver\u2019s license (CDL) do not have to visit an office and can do their DMV business online [&hellip;]","og_url":"https:\/\/www.dmv.ca.gov\/portal\/es\/news-and-media\/fresno-commercial-drive-test-center-to-close-temporarily\/","og_site_name":"California DMV","article_publisher":"https:\/\/www.facebook.com\/CADMV","article_modified_time":"2026-03-13T21:19:38+00:00","og_image":[{"width":1920,"height":1080,"url":"https:\/\/www.dmv.ca.gov\/portal\/uploads\/2022\/06\/DMV_Logo.png","type":"image\/png"}],"twitter_card":"summary_large_image","twitter_site":"@ca_dmv","twitter_misc":{"Est. reading time":"2 minutes"},"schema":{"@context":"https:\/\/schema.org","@graph":[{"@type":"WebPage","@id":"https:\/\/www.dmv.ca.gov\/portal\/es\/news-and-media\/fresno-commercial-drive-test-center-to-close-temporarily\/","url":"https:\/\/www.dmv.ca.gov\/portal\/es\/news-and-media\/fresno-commercial-drive-test-center-to-close-temporarily\/","name":"Fresno Commercial Drive Test Center to Close Temporarily - California DMV","isPartOf":{"@id":"https:\/\/www.dmv.ca.gov\/portal\/#website"},"datePublished":"2026-03-13T21:19:37+00:00","dateModified":"2026-03-13T21:19:38+00:00","inLanguage":"es-MX","potentialAction":[{"@type":"ReadAction","target":["https:\/\/www.dmv.ca.gov\/portal\/es\/news-and-media\/fresno-commercial-drive-test-center-to-close-temporarily\/"]}]},{"@type":"WebSite","@id":"https:\/\/www.dmv.ca.gov\/portal\/#website","url":"https:\/\/www.dmv.ca.gov\/portal\/","name":"California DMV","description":"","publisher":{"@id":"https:\/\/www.dmv.ca.gov\/portal\/#organization"},"potentialAction":[{"@type":"SearchAction","target":{"@type":"EntryPoint","urlTemplate":"https:\/\/www.dmv.ca.gov\/portal\/?s={search_term_string}"},"query-input":{"@type":"PropertyValueSpecification","valueRequired":true,"valueName":"search_term_string"}}],"inLanguage":"es-MX"},{"@type":"Organization","@id":"https:\/\/www.dmv.ca.gov\/portal\/#organization","name":"State of California Department of Motor Vehicles","url":"https:\/\/www.dmv.ca.gov\/portal\/","logo":{"@type":"ImageObject","inLanguage":"es-MX","@id":"https:\/\/www.dmv.ca.gov\/portal\/#\/schema\/logo\/image\/","url":"https:\/\/www.dmv.ca.gov\/portal\/uploads\/2022\/06\/DMV_Logo.png","contentUrl":"https:\/\/www.dmv.ca.gov\/portal\/uploads\/2022\/06\/DMV_Logo.png","width":1920,"height":1080,"caption":"State of California Department of Motor Vehicles"},"image":{"@id":"https:\/\/www.dmv.ca.gov\/portal\/#\/schema\/logo\/image\/"},"sameAs":["https:\/\/www.facebook.com\/CADMV","https:\/\/x.com\/ca_dmv","https:\/\/www.instagram.com\/ca_dmv\/","https:\/\/www.linkedin.com\/company\/ca-department-of-motor-vehicles\/","https:\/\/www.youtube.com\/user\/CaliforniaDMV"]}]}},"_links":{"self":[{"href":"https:\/\/www.dmv.ca.gov\/portal\/es\/wp-json\/wp\/v2\/pages\/315437","targetHints":{"allow":["GET"]}}],"collection":[{"href":"https:\/\/www.dmv.ca.gov\/portal\/es\/wp-json\/wp\/v2\/pages"}],"about":[{"href":"https:\/\/www.dmv.ca.gov\/portal\/es\/wp-json\/wp\/v2\/types\/page"}],"author":[{"embeddable":true,"href":"https:\/\/www.dmv.ca.gov\/portal\/es\/wp-json\/wp\/v2\/users\/2527"}],"replies":[{"embeddable":true,"href":"https:\/\/www.dmv.ca.gov\/portal\/es\/wp-json\/wp\/v2\/comments?post=315437"}],"version-history":[{"count":2,"href":"https:\/\/www.dmv.ca.gov\/portal\/es\/wp-json\/wp\/v2\/pages\/315437\/revisions"}],"predecessor-version":[{"id":315455,"href":"https:\/\/www.dmv.ca.gov\/portal\/es\/wp-json\/wp\/v2\/pages\/315437\/revisions\/315455"}],"up":[{"embeddable":true,"href":"https:\/\/www.dmv.ca.gov\/portal\/es\/wp-json\/wp\/v2\/pages\/1542"}],"wp:attachment":[{"href":"https:\/\/www.dmv.ca.gov\/portal\/es\/wp-json\/wp\/v2\/media?parent=315437"}],"wp:term":[{"taxonomy":"category","embeddable":true,"href":"https:\/\/www.dmv.ca.gov\/portal\/es\/wp-json\/wp\/v2\/categories?post=315437"},{"taxonomy":"post_tag","embeddable":true,"href":"https:\/\/www.dmv.ca.gov\/portal\/es\/wp-json\/wp\/v2\/tags?post=315437"},{"taxonomy":"dmv_task","embeddable":true,"href":"https:\/\/www.dmv.ca.gov\/portal\/es\/wp-json\/wp\/v2\/dmv_task?post=315437"},{"taxonomy":"dmv_functional_page_type","embeddable":true,"href":"https:\/\/www.dmv.ca.gov\/portal\/es\/wp-json\/wp\/v2\/dmv_functional_page_type?post=315437"},{"taxonomy":"dmv_content_type","embeddable":true,"href":"https:\/\/www.dmv.ca.gov\/portal\/es\/wp-json\/wp\/v2\/dmv_content_type?post=315437"}],"curies":[{"name":"wp","href":"https:\/\/api.w.org\/{rel}","templated":true}]}}