{"id":250550,"date":"2024-08-29T16:10:45","date_gmt":"2024-08-29T23:10:45","guid":{"rendered":"https:\/\/www.dmv.ca.gov\/portal\/?page_id=250550"},"modified":"2025-04-09T09:20:48","modified_gmt":"2025-04-09T16:20:48","slug":"dmv-introduces-chinese-language-option-for-no-fail-elearning-drivers-license-renewal-course","status":"publish","type":"page","link":"https:\/\/www.dmv.ca.gov\/portal\/es\/news-and-media\/news-releases\/dmv-introduces-chinese-language-option-for-no-fail-elearning-drivers-license-renewal-course\/","title":{"rendered":"DMV Introduces Chinese Language Option for No-Fail eLearning Driver\u2019s License Renewal Course"},"content":{"rendered":"<p>Contact: &nbsp;Office of Public Affairs<br>2415 First Avenue<br>Sacramento, CA 95818<br>(916) 657\u20136437 |&nbsp;<a href=\"mailto:dmvpublicaffairs@dmv.ca.gov\">dmvpublicaffairs@dmv.ca.gov<\/a><\/p>\n\n\n\n<p><strong>PARA PUBLICACI\u00d3N INMEDIATA<br>August 29, 2024<\/strong><\/p>\n\n\n\n<h2 class=\"wp-block-heading has-text-align-center\">New Option Expands Accessibility to Mandarin-Speaking Californians<\/h2>\n\n\n\n<p><strong>Sacramento<\/strong> \u2013 The California Department of Motor Vehicles (DMV) today announced the expansion of its no-fail eLearning driver\u2019s license renewal course, now available in Traditional Chinese with audio in Mandarin. This new language option offers Mandarin-speaking Californians the opportunity to renew their driver\u2019s license with greater ease and convenience.<\/p>\n\n\n\n<p>The eLearning course, previously available in English and Spanish, can be accessed 24\/7 on any internet-enabled device, including computers, laptops, tablets, and mobile devices. The course consists of seven interactive modules, each followed by a quiz, all of which can be retaken multiple times, ensuring a no-fail experience.<\/p>\n\n\n\n<blockquote class=\"wp-block-quote is-layout-flow wp-block-quote-is-layout-flow\">\n<p>\u201cExpanding our services to include a Chinese language option is part of our ongoing commitment to serve all Californians,\u201d said DMV Director Steve Gordon. \u201cWe are dedicated to providing flexible and accessible options for DMV services, allowing our customers to complete their transactions when, where, and how it is most convenient for them.\u201d<\/p>\n<\/blockquote>\n\n\n\n<p>Since its introduction in 2022, the eLearning renewal course has become a popular choice among Californians, with nearly 50,000 participants completing the course each month. The course takes approximately 45 minutes to complete and is designed to accommodate individuals who may prefer a non-traditional learning method or who may have difficulty with standard exams. Upon completion, some customers may need to visit a DMV office to finalize their renewal by taking a photo, providing a thumbprint and undergoing a vision screening.<\/p>\n\n\n\n<p>In addition to the eLearning course, the DMV continues to offer its online knowledge test in 35 languages. The online test can be taken on a computer or laptop with a webcam and is available Monday through Friday from 8 a.m. to 4 p.m., excluding state holidays. Participants are required to verify their identity and agree to monitoring throughout the exam as a measure to prevent fraud.<\/p>\n\n\n\n<p><strong>Antes de ir a una oficina- Primero intente en l\u00ednea<\/strong><\/p>\n\n\n\n<p>El DMV ha tomado varias medidas para ofrecer m\u00e1s servicios digitales. La mayor\u00eda de los tr\u00e1mites del DMV no requieren una visita a la oficina, incluidas algunas transacciones simples de autoservicio que ya no est\u00e1n disponibles en las oficinas. El DMV invita a los clientes a utilizar los&nbsp;<a href=\"https:\/\/www.dmv.ca.gov\/portal\/es\/dmv-online\/\"><a href=\"https:\/\/www.dmv.ca.gov\/portal\/es\/dmv-online\/\">servicios en l\u00ednea<\/a><\/a>&nbsp;y otros medios de servicio para completar transacciones, como pueden ser renovaciones elegibles de licencias de manejo y registro de veh\u00edculos. Los clientes tambi\u00e9n pueden usar el&nbsp;<a href=\"https:\/\/www.dmv.ca.gov\/portal\/es\/make-an-appointment\/service-advisor\/\"><a href=\"https:\/\/www.dmv.ca.gov\/portal\/es\/?s=\">Asesor de Servicios<\/a><\/a>&nbsp;en el sitio web del DMV para conocer sus opciones y completar tr\u00e1mites del DMV.<\/p>\n\n\n\n<p class=\"translation-block\">Para recibir notificaciones el\u00e9ctronicas sobre renovaciones de registro de veh\u00edculos y licencias de manejo, los clientes pueden optar por este servicio al crear una cuenta segura en l\u00ednea y registr\u00e1ndose en <a href=\"https:\/\/www.dmv.ca.gov\/portal\/es\/dmv-online\/\" target=\"_self\">dmv.ca.gov<\/a> y luego inscribirse.<\/p>\n\n\n\n<p class=\"has-text-align-center\">###<\/p>\n\n\n\n<p class=\"has-text-align-center translation-block\">Sign up to receive the latest DMV News Alerts:&nbsp;<a href=\"https:\/\/www.dmv.ca.gov\/portal\/es\/dmv-news-alerts\/\" target=\"_blank\" rel=\"noreferrer noopener\">DMV NEWS ALERTS \u2013 California DMV<\/a><\/p>","protected":false},"excerpt":{"rendered":"<p>Contact: &nbsp;Office of Public Affairs2415 First AvenueSacramento, CA 95818(916) 657\u20136437 |&nbsp;dmvpublicaffairs@dmv.ca.gov FOR IMMEDIATE RELEASEAugust 29, 2024 New Option Expands Accessibility to Mandarin-Speaking Californians Sacramento \u2013 The California Department of Motor Vehicles (DMV) today announced the expansion of its no-fail eLearning driver\u2019s license renewal course, now available in Traditional Chinese with audio in Mandarin. This new [&hellip;]<\/p>\n","protected":false},"author":2562,"featured_media":0,"parent":44932,"menu_order":0,"comment_status":"closed","ping_status":"closed","template":"","meta":{"ep_exclude_from_search":false,"dmv_page_popups":[],"dmv_ribbon_color":"","dmv_top_illustration":"","dmv_page_title":"","dmv_page_subtitle":"","dmv_exclude_from_search_results":false,"dmv_allowed_editors":[],"dmv_display_translate_button":false,"footnotes":""},"categories":[1627],"tags":[13775,3417,7617,4821,13778],"dmv_task":[10],"dmv_functional_page_type":[3],"dmv_content_type":[],"class_list":["post-250550","page","type-page","status-publish","hentry","category-news-media","tag-chinese","tag-dl","tag-elearning","tag-language","tag-madarin","dmv_task-licensing","dmv_functional_page_type-press-release"],"featured_image_src":null,"yoast_head":"<!-- This site is optimized with the Yoast SEO plugin v27.3 - https:\/\/yoast.com\/product\/yoast-seo-wordpress\/ -->\n<title>DMV Introduces Chinese Language Option for No-Fail eLearning Driver\u2019s License Renewal Course - California DMV<\/title>\n<meta name=\"robots\" content=\"index, follow, max-snippet:-1, max-image-preview:large, max-video-preview:-1\" \/>\n<link rel=\"canonical\" href=\"https:\/\/www.dmv.ca.gov\/portal\/es\/news-and-media\/news-releases\/dmv-introduces-chinese-language-option-for-no-fail-elearning-drivers-license-renewal-course\/\" \/>\n<meta property=\"og:locale\" content=\"es_MX\" \/>\n<meta property=\"og:type\" content=\"article\" \/>\n<meta property=\"og:title\" content=\"DMV Introduces Chinese Language Option for No-Fail eLearning Driver\u2019s License Renewal Course - California DMV\" \/>\n<meta property=\"og:description\" content=\"Contact: &nbsp;Office of Public Affairs2415 First AvenueSacramento, CA 95818(916) 657\u20136437 |&nbsp;dmvpublicaffairs@dmv.ca.gov FOR IMMEDIATE RELEASEAugust 29, 2024 New Option Expands Accessibility to Mandarin-Speaking Californians Sacramento \u2013 The California Department of Motor Vehicles (DMV) today announced the expansion of its no-fail eLearning driver\u2019s license renewal course, now available in Traditional Chinese with audio in Mandarin. This new [&hellip;]\" \/>\n<meta property=\"og:url\" content=\"https:\/\/www.dmv.ca.gov\/portal\/es\/news-and-media\/news-releases\/dmv-introduces-chinese-language-option-for-no-fail-elearning-drivers-license-renewal-course\/\" \/>\n<meta property=\"og:site_name\" content=\"California DMV\" \/>\n<meta property=\"article:publisher\" content=\"https:\/\/www.facebook.com\/CADMV\" \/>\n<meta property=\"article:modified_time\" content=\"2025-04-09T16:20:48+00:00\" \/>\n<meta property=\"og:image\" content=\"https:\/\/www.dmv.ca.gov\/portal\/uploads\/2022\/06\/DMV_Logo.png\" \/>\n\t<meta property=\"og:image:width\" content=\"1920\" \/>\n\t<meta property=\"og:image:height\" content=\"1080\" \/>\n\t<meta property=\"og:image:type\" content=\"image\/png\" \/>\n<meta name=\"twitter:card\" content=\"summary_large_image\" \/>\n<meta name=\"twitter:site\" content=\"@ca_dmv\" \/>\n<meta name=\"twitter:label1\" content=\"Est. reading time\" \/>\n\t<meta name=\"twitter:data1\" content=\"2 minutes\" \/>\n<script type=\"application\/ld+json\" class=\"yoast-schema-graph\">{\"@context\":\"https:\\\/\\\/schema.org\",\"@graph\":[{\"@type\":\"WebPage\",\"@id\":\"https:\\\/\\\/www.dmv.ca.gov\\\/portal\\\/es\\\/news-and-media\\\/news-releases\\\/dmv-introduces-chinese-language-option-for-no-fail-elearning-drivers-license-renewal-course\\\/\",\"url\":\"https:\\\/\\\/www.dmv.ca.gov\\\/portal\\\/es\\\/news-and-media\\\/news-releases\\\/dmv-introduces-chinese-language-option-for-no-fail-elearning-drivers-license-renewal-course\\\/\",\"name\":\"DMV Introduces Chinese Language Option for No-Fail eLearning Driver\u2019s License Renewal Course - California DMV\",\"isPartOf\":{\"@id\":\"https:\\\/\\\/www.dmv.ca.gov\\\/portal\\\/#website\"},\"datePublished\":\"2024-08-29T23:10:45+00:00\",\"dateModified\":\"2025-04-09T16:20:48+00:00\",\"inLanguage\":\"es-MX\",\"potentialAction\":[{\"@type\":\"ReadAction\",\"target\":[\"https:\\\/\\\/www.dmv.ca.gov\\\/portal\\\/es\\\/news-and-media\\\/news-releases\\\/dmv-introduces-chinese-language-option-for-no-fail-elearning-drivers-license-renewal-course\\\/\"]}]},{\"@type\":\"WebSite\",\"@id\":\"https:\\\/\\\/www.dmv.ca.gov\\\/portal\\\/#website\",\"url\":\"https:\\\/\\\/www.dmv.ca.gov\\\/portal\\\/\",\"name\":\"California DMV\",\"description\":\"\",\"publisher\":{\"@id\":\"https:\\\/\\\/www.dmv.ca.gov\\\/portal\\\/#organization\"},\"potentialAction\":[{\"@type\":\"SearchAction\",\"target\":{\"@type\":\"EntryPoint\",\"urlTemplate\":\"https:\\\/\\\/www.dmv.ca.gov\\\/portal\\\/?s={search_term_string}\"},\"query-input\":{\"@type\":\"PropertyValueSpecification\",\"valueRequired\":true,\"valueName\":\"search_term_string\"}}],\"inLanguage\":\"es-MX\"},{\"@type\":\"Organization\",\"@id\":\"https:\\\/\\\/www.dmv.ca.gov\\\/portal\\\/#organization\",\"name\":\"State of California Department of Motor Vehicles\",\"url\":\"https:\\\/\\\/www.dmv.ca.gov\\\/portal\\\/\",\"logo\":{\"@type\":\"ImageObject\",\"inLanguage\":\"es-MX\",\"@id\":\"https:\\\/\\\/www.dmv.ca.gov\\\/portal\\\/#\\\/schema\\\/logo\\\/image\\\/\",\"url\":\"https:\\\/\\\/www.dmv.ca.gov\\\/portal\\\/uploads\\\/2022\\\/06\\\/DMV_Logo.png\",\"contentUrl\":\"https:\\\/\\\/www.dmv.ca.gov\\\/portal\\\/uploads\\\/2022\\\/06\\\/DMV_Logo.png\",\"width\":1920,\"height\":1080,\"caption\":\"State of California Department of Motor Vehicles\"},\"image\":{\"@id\":\"https:\\\/\\\/www.dmv.ca.gov\\\/portal\\\/#\\\/schema\\\/logo\\\/image\\\/\"},\"sameAs\":[\"https:\\\/\\\/www.facebook.com\\\/CADMV\",\"https:\\\/\\\/x.com\\\/ca_dmv\",\"https:\\\/\\\/www.instagram.com\\\/ca_dmv\\\/\",\"https:\\\/\\\/www.linkedin.com\\\/company\\\/ca-department-of-motor-vehicles\\\/\",\"https:\\\/\\\/www.youtube.com\\\/user\\\/CaliforniaDMV\"]}]}<\/script>\n<!-- \/ Yoast SEO plugin. -->","yoast_head_json":{"title":"DMV Introduces Chinese Language Option for No-Fail eLearning Driver\u2019s License Renewal Course - California DMV","robots":{"index":"index","follow":"follow","max-snippet":"max-snippet:-1","max-image-preview":"max-image-preview:large","max-video-preview":"max-video-preview:-1"},"canonical":"https:\/\/www.dmv.ca.gov\/portal\/es\/news-and-media\/news-releases\/dmv-introduces-chinese-language-option-for-no-fail-elearning-drivers-license-renewal-course\/","og_locale":"es_MX","og_type":"article","og_title":"DMV Introduces Chinese Language Option for No-Fail eLearning Driver\u2019s License Renewal Course - California DMV","og_description":"Contact: &nbsp;Office of Public Affairs2415 First AvenueSacramento, CA 95818(916) 657\u20136437 |&nbsp;dmvpublicaffairs@dmv.ca.gov FOR IMMEDIATE RELEASEAugust 29, 2024 New Option Expands Accessibility to Mandarin-Speaking Californians Sacramento \u2013 The California Department of Motor Vehicles (DMV) today announced the expansion of its no-fail eLearning driver\u2019s license renewal course, now available in Traditional Chinese with audio in Mandarin. This new [&hellip;]","og_url":"https:\/\/www.dmv.ca.gov\/portal\/es\/news-and-media\/news-releases\/dmv-introduces-chinese-language-option-for-no-fail-elearning-drivers-license-renewal-course\/","og_site_name":"California DMV","article_publisher":"https:\/\/www.facebook.com\/CADMV","article_modified_time":"2025-04-09T16:20:48+00:00","og_image":[{"width":1920,"height":1080,"url":"https:\/\/www.dmv.ca.gov\/portal\/uploads\/2022\/06\/DMV_Logo.png","type":"image\/png"}],"twitter_card":"summary_large_image","twitter_site":"@ca_dmv","twitter_misc":{"Est. reading time":"2 minutes"},"schema":{"@context":"https:\/\/schema.org","@graph":[{"@type":"WebPage","@id":"https:\/\/www.dmv.ca.gov\/portal\/es\/news-and-media\/news-releases\/dmv-introduces-chinese-language-option-for-no-fail-elearning-drivers-license-renewal-course\/","url":"https:\/\/www.dmv.ca.gov\/portal\/es\/news-and-media\/news-releases\/dmv-introduces-chinese-language-option-for-no-fail-elearning-drivers-license-renewal-course\/","name":"DMV Introduces Chinese Language Option for No-Fail eLearning Driver\u2019s License Renewal Course - California DMV","isPartOf":{"@id":"https:\/\/www.dmv.ca.gov\/portal\/#website"},"datePublished":"2024-08-29T23:10:45+00:00","dateModified":"2025-04-09T16:20:48+00:00","inLanguage":"es-MX","potentialAction":[{"@type":"ReadAction","target":["https:\/\/www.dmv.ca.gov\/portal\/es\/news-and-media\/news-releases\/dmv-introduces-chinese-language-option-for-no-fail-elearning-drivers-license-renewal-course\/"]}]},{"@type":"WebSite","@id":"https:\/\/www.dmv.ca.gov\/portal\/#website","url":"https:\/\/www.dmv.ca.gov\/portal\/","name":"California DMV","description":"","publisher":{"@id":"https:\/\/www.dmv.ca.gov\/portal\/#organization"},"potentialAction":[{"@type":"SearchAction","target":{"@type":"EntryPoint","urlTemplate":"https:\/\/www.dmv.ca.gov\/portal\/?s={search_term_string}"},"query-input":{"@type":"PropertyValueSpecification","valueRequired":true,"valueName":"search_term_string"}}],"inLanguage":"es-MX"},{"@type":"Organization","@id":"https:\/\/www.dmv.ca.gov\/portal\/#organization","name":"State of California Department of Motor Vehicles","url":"https:\/\/www.dmv.ca.gov\/portal\/","logo":{"@type":"ImageObject","inLanguage":"es-MX","@id":"https:\/\/www.dmv.ca.gov\/portal\/#\/schema\/logo\/image\/","url":"https:\/\/www.dmv.ca.gov\/portal\/uploads\/2022\/06\/DMV_Logo.png","contentUrl":"https:\/\/www.dmv.ca.gov\/portal\/uploads\/2022\/06\/DMV_Logo.png","width":1920,"height":1080,"caption":"State of California Department of Motor Vehicles"},"image":{"@id":"https:\/\/www.dmv.ca.gov\/portal\/#\/schema\/logo\/image\/"},"sameAs":["https:\/\/www.facebook.com\/CADMV","https:\/\/x.com\/ca_dmv","https:\/\/www.instagram.com\/ca_dmv\/","https:\/\/www.linkedin.com\/company\/ca-department-of-motor-vehicles\/","https:\/\/www.youtube.com\/user\/CaliforniaDMV"]}]}},"_links":{"self":[{"href":"https:\/\/www.dmv.ca.gov\/portal\/es\/wp-json\/wp\/v2\/pages\/250550","targetHints":{"allow":["GET"]}}],"collection":[{"href":"https:\/\/www.dmv.ca.gov\/portal\/es\/wp-json\/wp\/v2\/pages"}],"about":[{"href":"https:\/\/www.dmv.ca.gov\/portal\/es\/wp-json\/wp\/v2\/types\/page"}],"author":[{"embeddable":true,"href":"https:\/\/www.dmv.ca.gov\/portal\/es\/wp-json\/wp\/v2\/users\/2562"}],"replies":[{"embeddable":true,"href":"https:\/\/www.dmv.ca.gov\/portal\/es\/wp-json\/wp\/v2\/comments?post=250550"}],"version-history":[{"count":7,"href":"https:\/\/www.dmv.ca.gov\/portal\/es\/wp-json\/wp\/v2\/pages\/250550\/revisions"}],"predecessor-version":[{"id":276050,"href":"https:\/\/www.dmv.ca.gov\/portal\/es\/wp-json\/wp\/v2\/pages\/250550\/revisions\/276050"}],"up":[{"embeddable":true,"href":"https:\/\/www.dmv.ca.gov\/portal\/es\/wp-json\/wp\/v2\/pages\/44932"}],"wp:attachment":[{"href":"https:\/\/www.dmv.ca.gov\/portal\/es\/wp-json\/wp\/v2\/media?parent=250550"}],"wp:term":[{"taxonomy":"category","embeddable":true,"href":"https:\/\/www.dmv.ca.gov\/portal\/es\/wp-json\/wp\/v2\/categories?post=250550"},{"taxonomy":"post_tag","embeddable":true,"href":"https:\/\/www.dmv.ca.gov\/portal\/es\/wp-json\/wp\/v2\/tags?post=250550"},{"taxonomy":"dmv_task","embeddable":true,"href":"https:\/\/www.dmv.ca.gov\/portal\/es\/wp-json\/wp\/v2\/dmv_task?post=250550"},{"taxonomy":"dmv_functional_page_type","embeddable":true,"href":"https:\/\/www.dmv.ca.gov\/portal\/es\/wp-json\/wp\/v2\/dmv_functional_page_type?post=250550"},{"taxonomy":"dmv_content_type","embeddable":true,"href":"https:\/\/www.dmv.ca.gov\/portal\/es\/wp-json\/wp\/v2\/dmv_content_type?post=250550"}],"curies":[{"name":"wp","href":"https:\/\/api.w.org\/{rel}","templated":true}]}}