{"id":180363,"date":"2023-02-07T14:25:21","date_gmt":"2023-02-07T22:25:21","guid":{"rendered":"https:\/\/www.dmv.ca.gov\/portal\/?page_id=180363"},"modified":"2023-02-07T14:38:59","modified_gmt":"2023-02-07T22:38:59","slug":"banning-dmv-field-office-to-close","status":"publish","type":"page","link":"https:\/\/www.dmv.ca.gov\/portal\/es\/news-and-media\/banning-dmv-field-office-to-close\/","title":{"rendered":"Cierre de Oficina Local del DMV de Banning"},"content":{"rendered":"<p class=\"has-text-align-left\">Contact: \u00a0Office of Public Affairs<br>2415 First Avenue<br>Sacramento, CA 95818<br>(916) 657\u20136437 |\u00a0<a href=\"mailto:dmvpublicaffairs@dmv.ca.gov\">dmvpublicaffairs@dmv.ca.gov<\/a><\/p>\n\n\n\n<p><strong>PARA PUBLICACI\u00d3N INMEDIATA<br>7 de febrero de 2023<\/strong><\/p>\n\n\n\n<p><strong>Sacramento<\/strong> \u2013 El Departamento de Veh\u00edculos Motorizados de California est\u00e1 alertando a los clientes que la oficina local de Banning en 1034 W. Ramsey St. cerrar\u00e1 permanentemente a las 5 p.m. el viernes 17 de febrero.<\/p>\n\n\n\n<p>La decisi\u00f3n de cerrar permanentemente la oficina local de Banning se tom\u00f3 despu\u00e9s de que una inspecci\u00f3n revelara da\u00f1os estructurales grandes en los cimientos. El DMV est\u00e1 buscando un espacio de oficina temporal para atender a la comunidad de Banning durante los pr\u00f3ximos 12 a 18 meses hasta que haya una nueva ubicaci\u00f3n permanente disponible.<\/p>\n\n\n\n<p>Los miembros del equipo del DMV de la oficina de Banning apoyar\u00e1n a las oficinas del DMV cercanas. Los clientes pueden visitar las siguientes oficinas de \u00e1rea:<\/p>\n\n\n\n<ul class=\"wp-block-list\">\n<li><a href=\"https:\/\/www.dmv.ca.gov\/portal\/es\/field-office\/hemet\/\">Hemet<\/a>, 1200 S. State St., 21 millas<\/li>\n<\/ul>\n\n\n\n<ul class=\"wp-block-list\">\n<li><a href=\"https:\/\/www.dmv.ca.gov\/portal\/es\/field-office\/redlands\/\">Redlands<\/a>,  W. Lugonia Ave., 23 millas<\/li>\n<\/ul>\n\n\n\n<ul class=\"wp-block-list\">\n<li><a href=\"https:\/\/www.dmv.ca.gov\/portal\/es\/field-office\/palm-springs\/\">Palm Springs<\/a>, 950 N. Farrell Drive, 25 millas<\/li>\n<\/ul>\n\n\n\n<p><strong>Antes de ir a Una Oficina del DMV - \u00a1Prueba en L\u00ednea Primero!<\/strong><\/p>\n\n\n\n<p class=\"translation-block\">El DMV ha tomado muchas medidas para ofrecer m\u00e1s servicios digitales. La mayor\u00eda de las transacciones del DMV no requieren visitar una oficina. El DMV les recomienda a los clientes usar sus servicios  <a href=\"https:\/\/www.dmv.ca.gov\/portal\/es\/dmv-online\/\" target=\"_self\">en l\u00ednea<\/a> y otros canales de servicio para completar transacciones, incluidas las renovaciones elegibles de licencias de conducir y registros de veh\u00edculos. Los clientes tambi\u00e9n pueden usar el <a href=\"https:\/\/www.dmv.ca.gov\/portal\/es\/?s=\" target=\"_self\">Asesor de Servicio<\/a> en el <a href=\"https:\/\/www.dmv.ca.gov\/portal\/es\/\" target=\"_self\">sitio web del DMV<\/a> para conocer sus opciones para completar transacciones del DMV.<\/p>\n\n\n\n<p class=\"translation-block\">Para inscribirse para recibir avisos de renovaci\u00f3n de la licencia de conducir y el registro de veh\u00edculos digitales, los clientes deben iniciar una sesi\u00f3n o crear una cuenta segura en l\u00ednea en <a href=\"https:\/\/www.dmv.ca.gov\/portal\/es\/\" target=\"_self\">dmv.ca.gov<\/a>, y luego registrarse.<\/p>\n\n\n\n<p class=\"has-text-align-center\">###<\/p>\n\n\n\n<p class=\"has-text-align-center translation-block\">Sign up to receive the latest DMV News Alerts:&nbsp;<a href=\"https:\/\/www.dmv.ca.gov\/portal\/es\/dmv-news-alerts\/\" target=\"_blank\" rel=\"noreferrer noopener\">DMV NEWS ALERTS \u2013 California DMV<\/a><\/p>","protected":false},"excerpt":{"rendered":"<p>FOR IMMEDIATE RELEASEFebruary 7, 2023 Sacramento \u2013 The California Department of Motor Vehicles is alerting customers that the Banning field office at 1034 W. Ramsey St. will be closing permanently at 5 p.m. on Friday, February 17. The decision to permanently close the Banning field office came after an inspection revealed major structural damage to [&hellip;]<\/p>\n","protected":false},"author":2524,"featured_media":0,"parent":1542,"menu_order":0,"comment_status":"closed","ping_status":"closed","template":"","meta":{"ep_exclude_from_search":false,"dmv_page_popups":[],"dmv_ribbon_color":"","dmv_top_illustration":"","dmv_page_title":"","dmv_page_subtitle":"","dmv_exclude_from_search_results":false,"dmv_allowed_editors":[],"dmv_display_translate_button":true,"footnotes":""},"categories":[],"tags":[],"dmv_task":[86],"dmv_functional_page_type":[3],"dmv_content_type":[],"class_list":["post-180363","page","type-page","status-publish","hentry","dmv_task-location","dmv_functional_page_type-press-release"],"featured_image_src":null,"yoast_head":"<!-- This site is optimized with the Yoast SEO plugin v27.3 - https:\/\/yoast.com\/product\/yoast-seo-wordpress\/ -->\n<title>Banning DMV Field Office to Close - California DMV<\/title>\n<meta name=\"robots\" content=\"index, follow, max-snippet:-1, max-image-preview:large, max-video-preview:-1\" \/>\n<link rel=\"canonical\" href=\"https:\/\/www.dmv.ca.gov\/portal\/es\/news-and-media\/banning-dmv-field-office-to-close\/\" \/>\n<meta property=\"og:locale\" content=\"es_MX\" \/>\n<meta property=\"og:type\" content=\"article\" \/>\n<meta property=\"og:title\" content=\"Banning DMV Field Office to Close - California DMV\" \/>\n<meta property=\"og:description\" content=\"FOR IMMEDIATE RELEASEFebruary 7, 2023 Sacramento \u2013 The California Department of Motor Vehicles is alerting customers that the Banning field office at 1034 W. Ramsey St. will be closing permanently at 5 p.m. on Friday, February 17. The decision to permanently close the Banning field office came after an inspection revealed major structural damage to [&hellip;]\" \/>\n<meta property=\"og:url\" content=\"https:\/\/www.dmv.ca.gov\/portal\/es\/news-and-media\/banning-dmv-field-office-to-close\/\" \/>\n<meta property=\"og:site_name\" content=\"California DMV\" \/>\n<meta property=\"article:publisher\" content=\"https:\/\/www.facebook.com\/CADMV\" \/>\n<meta property=\"article:modified_time\" content=\"2023-02-07T22:38:59+00:00\" \/>\n<meta property=\"og:image\" content=\"https:\/\/www.dmv.ca.gov\/portal\/uploads\/2022\/06\/DMV_Logo.png\" \/>\n\t<meta property=\"og:image:width\" content=\"1920\" \/>\n\t<meta property=\"og:image:height\" content=\"1080\" \/>\n\t<meta property=\"og:image:type\" content=\"image\/png\" \/>\n<meta name=\"twitter:card\" content=\"summary_large_image\" \/>\n<meta name=\"twitter:site\" content=\"@ca_dmv\" \/>\n<meta name=\"twitter:label1\" content=\"Est. reading time\" \/>\n\t<meta name=\"twitter:data1\" content=\"1 minute\" \/>\n<script type=\"application\/ld+json\" class=\"yoast-schema-graph\">{\"@context\":\"https:\\\/\\\/schema.org\",\"@graph\":[{\"@type\":\"WebPage\",\"@id\":\"https:\\\/\\\/www.dmv.ca.gov\\\/portal\\\/news-and-media\\\/banning-dmv-field-office-to-close\\\/\",\"url\":\"https:\\\/\\\/www.dmv.ca.gov\\\/portal\\\/news-and-media\\\/banning-dmv-field-office-to-close\\\/\",\"name\":\"Banning DMV Field Office to Close - California DMV\",\"isPartOf\":{\"@id\":\"https:\\\/\\\/www.dmv.ca.gov\\\/portal\\\/#website\"},\"datePublished\":\"2023-02-07T22:25:21+00:00\",\"dateModified\":\"2023-02-07T22:38:59+00:00\",\"breadcrumb\":{\"@id\":\"https:\\\/\\\/www.dmv.ca.gov\\\/portal\\\/news-and-media\\\/banning-dmv-field-office-to-close\\\/#breadcrumb\"},\"inLanguage\":\"es-MX\",\"potentialAction\":[{\"@type\":\"ReadAction\",\"target\":[\"https:\\\/\\\/www.dmv.ca.gov\\\/portal\\\/news-and-media\\\/banning-dmv-field-office-to-close\\\/\"]}]},{\"@type\":\"BreadcrumbList\",\"@id\":\"https:\\\/\\\/www.dmv.ca.gov\\\/portal\\\/news-and-media\\\/banning-dmv-field-office-to-close\\\/#breadcrumb\",\"itemListElement\":[{\"@type\":\"ListItem\",\"position\":1,\"name\":\"News And Media\",\"item\":\"https:\\\/\\\/www.dmv.ca.gov\\\/portal\\\/news-and-media\\\/\"},{\"@type\":\"ListItem\",\"position\":2,\"name\":\"Banning DMV Field Office to Close\"}]},{\"@type\":\"WebSite\",\"@id\":\"https:\\\/\\\/www.dmv.ca.gov\\\/portal\\\/#website\",\"url\":\"https:\\\/\\\/www.dmv.ca.gov\\\/portal\\\/\",\"name\":\"California DMV\",\"description\":\"\",\"publisher\":{\"@id\":\"https:\\\/\\\/www.dmv.ca.gov\\\/portal\\\/#organization\"},\"potentialAction\":[{\"@type\":\"SearchAction\",\"target\":{\"@type\":\"EntryPoint\",\"urlTemplate\":\"https:\\\/\\\/www.dmv.ca.gov\\\/portal\\\/?s={search_term_string}\"},\"query-input\":{\"@type\":\"PropertyValueSpecification\",\"valueRequired\":true,\"valueName\":\"search_term_string\"}}],\"inLanguage\":\"es-MX\"},{\"@type\":\"Organization\",\"@id\":\"https:\\\/\\\/www.dmv.ca.gov\\\/portal\\\/#organization\",\"name\":\"State of California Department of Motor Vehicles\",\"url\":\"https:\\\/\\\/www.dmv.ca.gov\\\/portal\\\/\",\"logo\":{\"@type\":\"ImageObject\",\"inLanguage\":\"es-MX\",\"@id\":\"https:\\\/\\\/www.dmv.ca.gov\\\/portal\\\/#\\\/schema\\\/logo\\\/image\\\/\",\"url\":\"https:\\\/\\\/www.dmv.ca.gov\\\/portal\\\/uploads\\\/2022\\\/06\\\/DMV_Logo.png\",\"contentUrl\":\"https:\\\/\\\/www.dmv.ca.gov\\\/portal\\\/uploads\\\/2022\\\/06\\\/DMV_Logo.png\",\"width\":1920,\"height\":1080,\"caption\":\"State of California Department of Motor Vehicles\"},\"image\":{\"@id\":\"https:\\\/\\\/www.dmv.ca.gov\\\/portal\\\/#\\\/schema\\\/logo\\\/image\\\/\"},\"sameAs\":[\"https:\\\/\\\/www.facebook.com\\\/CADMV\",\"https:\\\/\\\/x.com\\\/ca_dmv\",\"https:\\\/\\\/www.instagram.com\\\/ca_dmv\\\/\",\"https:\\\/\\\/www.linkedin.com\\\/company\\\/ca-department-of-motor-vehicles\\\/\",\"https:\\\/\\\/www.youtube.com\\\/user\\\/CaliforniaDMV\"]}]}<\/script>\n<!-- \/ Yoast SEO plugin. -->","yoast_head_json":{"title":"Banning DMV Field Office to Close - California DMV","robots":{"index":"index","follow":"follow","max-snippet":"max-snippet:-1","max-image-preview":"max-image-preview:large","max-video-preview":"max-video-preview:-1"},"canonical":"https:\/\/www.dmv.ca.gov\/portal\/es\/news-and-media\/banning-dmv-field-office-to-close\/","og_locale":"es_MX","og_type":"article","og_title":"Banning DMV Field Office to Close - California DMV","og_description":"FOR IMMEDIATE RELEASEFebruary 7, 2023 Sacramento \u2013 The California Department of Motor Vehicles is alerting customers that the Banning field office at 1034 W. Ramsey St. will be closing permanently at 5 p.m. on Friday, February 17. The decision to permanently close the Banning field office came after an inspection revealed major structural damage to [&hellip;]","og_url":"https:\/\/www.dmv.ca.gov\/portal\/es\/news-and-media\/banning-dmv-field-office-to-close\/","og_site_name":"California DMV","article_publisher":"https:\/\/www.facebook.com\/CADMV","article_modified_time":"2023-02-07T22:38:59+00:00","og_image":[{"width":1920,"height":1080,"url":"https:\/\/www.dmv.ca.gov\/portal\/uploads\/2022\/06\/DMV_Logo.png","type":"image\/png"}],"twitter_card":"summary_large_image","twitter_site":"@ca_dmv","twitter_misc":{"Est. reading time":"1 minute"},"schema":{"@context":"https:\/\/schema.org","@graph":[{"@type":"WebPage","@id":"https:\/\/www.dmv.ca.gov\/portal\/news-and-media\/banning-dmv-field-office-to-close\/","url":"https:\/\/www.dmv.ca.gov\/portal\/news-and-media\/banning-dmv-field-office-to-close\/","name":"Banning DMV Field Office to Close - California DMV","isPartOf":{"@id":"https:\/\/www.dmv.ca.gov\/portal\/#website"},"datePublished":"2023-02-07T22:25:21+00:00","dateModified":"2023-02-07T22:38:59+00:00","breadcrumb":{"@id":"https:\/\/www.dmv.ca.gov\/portal\/news-and-media\/banning-dmv-field-office-to-close\/#breadcrumb"},"inLanguage":"es-MX","potentialAction":[{"@type":"ReadAction","target":["https:\/\/www.dmv.ca.gov\/portal\/news-and-media\/banning-dmv-field-office-to-close\/"]}]},{"@type":"BreadcrumbList","@id":"https:\/\/www.dmv.ca.gov\/portal\/news-and-media\/banning-dmv-field-office-to-close\/#breadcrumb","itemListElement":[{"@type":"ListItem","position":1,"name":"News And Media","item":"https:\/\/www.dmv.ca.gov\/portal\/news-and-media\/"},{"@type":"ListItem","position":2,"name":"Banning DMV Field Office to Close"}]},{"@type":"WebSite","@id":"https:\/\/www.dmv.ca.gov\/portal\/#website","url":"https:\/\/www.dmv.ca.gov\/portal\/","name":"California DMV","description":"","publisher":{"@id":"https:\/\/www.dmv.ca.gov\/portal\/#organization"},"potentialAction":[{"@type":"SearchAction","target":{"@type":"EntryPoint","urlTemplate":"https:\/\/www.dmv.ca.gov\/portal\/?s={search_term_string}"},"query-input":{"@type":"PropertyValueSpecification","valueRequired":true,"valueName":"search_term_string"}}],"inLanguage":"es-MX"},{"@type":"Organization","@id":"https:\/\/www.dmv.ca.gov\/portal\/#organization","name":"State of California Department of Motor Vehicles","url":"https:\/\/www.dmv.ca.gov\/portal\/","logo":{"@type":"ImageObject","inLanguage":"es-MX","@id":"https:\/\/www.dmv.ca.gov\/portal\/#\/schema\/logo\/image\/","url":"https:\/\/www.dmv.ca.gov\/portal\/uploads\/2022\/06\/DMV_Logo.png","contentUrl":"https:\/\/www.dmv.ca.gov\/portal\/uploads\/2022\/06\/DMV_Logo.png","width":1920,"height":1080,"caption":"State of California Department of Motor Vehicles"},"image":{"@id":"https:\/\/www.dmv.ca.gov\/portal\/#\/schema\/logo\/image\/"},"sameAs":["https:\/\/www.facebook.com\/CADMV","https:\/\/x.com\/ca_dmv","https:\/\/www.instagram.com\/ca_dmv\/","https:\/\/www.linkedin.com\/company\/ca-department-of-motor-vehicles\/","https:\/\/www.youtube.com\/user\/CaliforniaDMV"]}]}},"_links":{"self":[{"href":"https:\/\/www.dmv.ca.gov\/portal\/es\/wp-json\/wp\/v2\/pages\/180363","targetHints":{"allow":["GET"]}}],"collection":[{"href":"https:\/\/www.dmv.ca.gov\/portal\/es\/wp-json\/wp\/v2\/pages"}],"about":[{"href":"https:\/\/www.dmv.ca.gov\/portal\/es\/wp-json\/wp\/v2\/types\/page"}],"author":[{"embeddable":true,"href":"https:\/\/www.dmv.ca.gov\/portal\/es\/wp-json\/wp\/v2\/users\/2524"}],"replies":[{"embeddable":true,"href":"https:\/\/www.dmv.ca.gov\/portal\/es\/wp-json\/wp\/v2\/comments?post=180363"}],"version-history":[{"count":8,"href":"https:\/\/www.dmv.ca.gov\/portal\/es\/wp-json\/wp\/v2\/pages\/180363\/revisions"}],"predecessor-version":[{"id":180402,"href":"https:\/\/www.dmv.ca.gov\/portal\/es\/wp-json\/wp\/v2\/pages\/180363\/revisions\/180402"}],"up":[{"embeddable":true,"href":"https:\/\/www.dmv.ca.gov\/portal\/es\/wp-json\/wp\/v2\/pages\/1542"}],"wp:attachment":[{"href":"https:\/\/www.dmv.ca.gov\/portal\/es\/wp-json\/wp\/v2\/media?parent=180363"}],"wp:term":[{"taxonomy":"category","embeddable":true,"href":"https:\/\/www.dmv.ca.gov\/portal\/es\/wp-json\/wp\/v2\/categories?post=180363"},{"taxonomy":"post_tag","embeddable":true,"href":"https:\/\/www.dmv.ca.gov\/portal\/es\/wp-json\/wp\/v2\/tags?post=180363"},{"taxonomy":"dmv_task","embeddable":true,"href":"https:\/\/www.dmv.ca.gov\/portal\/es\/wp-json\/wp\/v2\/dmv_task?post=180363"},{"taxonomy":"dmv_functional_page_type","embeddable":true,"href":"https:\/\/www.dmv.ca.gov\/portal\/es\/wp-json\/wp\/v2\/dmv_functional_page_type?post=180363"},{"taxonomy":"dmv_content_type","embeddable":true,"href":"https:\/\/www.dmv.ca.gov\/portal\/es\/wp-json\/wp\/v2\/dmv_content_type?post=180363"}],"curies":[{"name":"wp","href":"https:\/\/api.w.org\/{rel}","templated":true}]}}